{"id":25,"date":"2018-05-14T08:52:28","date_gmt":"2018-05-14T06:52:28","guid":{"rendered":"http:\/\/pennews.pencidesign.com\/pennews-craft-diy-blog\/?page_id=25"},"modified":"2026-02-02T10:52:39","modified_gmt":"2026-02-02T09:52:39","slug":"a-propos-de-nous","status":"publish","type":"page","link":"https:\/\/www.dullac.fr\/blog\/a-propos-de-nous\/","title":{"rendered":"\u00c0 propos de nous"},"content":{"rendered":"\n\n<p><iframe loading=\"lazy\" title=\"[2022] Bienvenue chez Dullac : Vid\u00e9o de pr\u00e9sentation de l&#039;entreprise\" width=\"1080\" height=\"608\" src=\"https:\/\/www.youtube.com\/embed\/LrwAXedDC4Y?feature=oembed\" frameborder=\"0\" allow=\"accelerometer; autoplay; clipboard-write; encrypted-media; gyroscope; picture-in-picture; web-share\" referrerpolicy=\"strict-origin-when-cross-origin\" allowfullscreen><\/iframe><\/p>\n<h3>\u00a0<\/h3>\n<h3>\u00a0<\/h3>\n<h3><strong>L&rsquo;Entreprise<u><br \/><\/u><\/strong><\/h3>\n<p>Cr\u00e9e en 2002, Dullac est un \u00ab <strong>imprimeur hybride<\/strong>\u00bb dans la mesure o\u00f9, pour satisfaire l\u2019ensemble des demandes de ses clients, il imprime sur une multitude de supports :<img loading=\"lazy\" decoding=\"async\" class=\" wp-image-497 alignright\" src=\"https:\/\/www.dullac.fr\/blog\/wp-content\/uploads\/2020\/08\/dullac-imprimerie-toulon-la-garde-textile-drapeau-banderole-objet-pub-bache.jpg\" alt=\"\" width=\"458\" height=\"339\" srcset=\"https:\/\/www.dullac.fr\/blog\/wp-content\/uploads\/2020\/08\/dullac-imprimerie-toulon-la-garde-textile-drapeau-banderole-objet-pub-bache.jpg 1805w, https:\/\/www.dullac.fr\/blog\/wp-content\/uploads\/2020\/08\/dullac-imprimerie-toulon-la-garde-textile-drapeau-banderole-objet-pub-bache-300x222.jpg 300w, https:\/\/www.dullac.fr\/blog\/wp-content\/uploads\/2020\/08\/dullac-imprimerie-toulon-la-garde-textile-drapeau-banderole-objet-pub-bache-1024x758.jpg 1024w, https:\/\/www.dullac.fr\/blog\/wp-content\/uploads\/2020\/08\/dullac-imprimerie-toulon-la-garde-textile-drapeau-banderole-objet-pub-bache-768x568.jpg 768w, https:\/\/www.dullac.fr\/blog\/wp-content\/uploads\/2020\/08\/dullac-imprimerie-toulon-la-garde-textile-drapeau-banderole-objet-pub-bache-1536x1137.jpg 1536w, https:\/\/www.dullac.fr\/blog\/wp-content\/uploads\/2020\/08\/dullac-imprimerie-toulon-la-garde-textile-drapeau-banderole-objet-pub-bache-610x452.jpg 610w, https:\/\/www.dullac.fr\/blog\/wp-content\/uploads\/2020\/08\/dullac-imprimerie-toulon-la-garde-textile-drapeau-banderole-objet-pub-bache-1080x799.jpg 1080w\" sizes=\"(max-width: 458px) 100vw, 458px\" \/><\/p>\n<ul>\n<li>Papier, flyer, affiche, \u2026<\/li>\n<li>Banderole, kak\u00e9mono, papier peint, \u2026<\/li>\n<li>Drapeau, oriflamme, mur d\u2019image<\/li>\n<li><span lang=\"EN-GB\">Tee-shirt, polo, tenue pro, ..<\/span><\/li>\n<li>Objet pub, stylo, badges<\/li>\n<li>Panneau Aluminium, Plexiglas, PVC, Akilux<\/li>\n<\/ul>\n<p>En clair vous \u00eates <strong>en direct avec l\u2019imprimeur<\/strong>, install\u00e9 en France, \u00e9quip\u00e9 de machines, et avec des salari\u00e9s attentifs \u00e0 leurs clients. Du \u00ab direct \u00bb donc, c&rsquo;est pourquoi <strong>nos prix sont, en g\u00e9n\u00e9ral, plus bas et nos d\u00e9lais plus rapides<\/strong>. Il n&rsquo;y a pas d&rsquo;interm\u00e9diaire entre vous et la production.<\/p>\n<h3>\u00a0<\/h3>\n<h3><strong>Qu\u2019est-ce qui nous diff\u00e9rencie de nos confr\u00e8res <\/strong><\/h3>\n<h4><em><strong>\u00ab\u00a0Pourquoi a-t-on, chaque ann\u00e9e, toujours plus de clients\u00a0 <\/strong><strong>?\u00a0\u00bb<\/strong><\/em><\/h4>\n<ul>\n<li>Vous avez <strong>un seul interlocuteur<\/strong> qui couvre l&rsquo;ensemble des besoins et des \u00ab experts \u00bb on est quand m\u00eame 30 pour r\u00e9pondre \u00e0 vos questions m\u00eame entre midi et deux !<\/li>\n<li>Des offres de prix \/ <strong>devis rapides<\/strong> parce que votre temps est pr\u00e9cieux<\/li>\n<li>4 graphistes <strong>s\u2019occupent de vos maquettes<\/strong> et d\u00e9chargent de ces tracas de \u00ab\u00a0fichiers vectoriels\u00a0\u00bb et \u00ab\u00a0traits de coupe\u00a0\u00bb<\/li>\n<li>On livre <strong>beaucoup plus vite que les autres parce que nous on a les machines.<\/strong> Eh oui, investir lourdement, \u00e7a sert \u2026.<\/li>\n<li>Une comptable intraitable mais qui accorde des <strong>paiements \u00e0 30 jours<\/strong> pour les clients en compte<\/li>\n<\/ul>\n<p><img loading=\"lazy\" decoding=\"async\" class=\"alignnone wp-image-1285 size-full\" src=\"https:\/\/www.dullac.fr\/blog\/wp-content\/uploads\/2023\/11\/30-EMPLOYES.png\" alt=\"\" width=\"2048\" height=\"279\" srcset=\"https:\/\/www.dullac.fr\/blog\/wp-content\/uploads\/2023\/11\/30-EMPLOYES.png 2048w, https:\/\/www.dullac.fr\/blog\/wp-content\/uploads\/2023\/11\/30-EMPLOYES-300x41.png 300w, https:\/\/www.dullac.fr\/blog\/wp-content\/uploads\/2023\/11\/30-EMPLOYES-1024x140.png 1024w, https:\/\/www.dullac.fr\/blog\/wp-content\/uploads\/2023\/11\/30-EMPLOYES-768x105.png 768w, https:\/\/www.dullac.fr\/blog\/wp-content\/uploads\/2023\/11\/30-EMPLOYES-1536x209.png 1536w, https:\/\/www.dullac.fr\/blog\/wp-content\/uploads\/2023\/11\/30-EMPLOYES-610x83.png 610w, https:\/\/www.dullac.fr\/blog\/wp-content\/uploads\/2023\/11\/30-EMPLOYES-1080x147.png 1080w\" sizes=\"(max-width: 2048px) 100vw, 2048px\" \/><\/p>\n<h3><strong>Que faisons-nous pour nos clients\u00a0?<\/strong><\/h3>\n<p><img loading=\"lazy\" decoding=\"async\" class=\"wp-image-502 alignright\" src=\"https:\/\/www.dullac.fr\/blog\/wp-content\/uploads\/2020\/08\/soyez-remarquable-dullac-studio-creation-atelier-toulon.jpg\" alt=\"\" width=\"393\" height=\"291\" srcset=\"https:\/\/www.dullac.fr\/blog\/wp-content\/uploads\/2020\/08\/soyez-remarquable-dullac-studio-creation-atelier-toulon.jpg 1805w, https:\/\/www.dullac.fr\/blog\/wp-content\/uploads\/2020\/08\/soyez-remarquable-dullac-studio-creation-atelier-toulon-300x222.jpg 300w, https:\/\/www.dullac.fr\/blog\/wp-content\/uploads\/2020\/08\/soyez-remarquable-dullac-studio-creation-atelier-toulon-1024x758.jpg 1024w, https:\/\/www.dullac.fr\/blog\/wp-content\/uploads\/2020\/08\/soyez-remarquable-dullac-studio-creation-atelier-toulon-768x568.jpg 768w, https:\/\/www.dullac.fr\/blog\/wp-content\/uploads\/2020\/08\/soyez-remarquable-dullac-studio-creation-atelier-toulon-1536x1137.jpg 1536w, https:\/\/www.dullac.fr\/blog\/wp-content\/uploads\/2020\/08\/soyez-remarquable-dullac-studio-creation-atelier-toulon-610x452.jpg 610w, https:\/\/www.dullac.fr\/blog\/wp-content\/uploads\/2020\/08\/soyez-remarquable-dullac-studio-creation-atelier-toulon-1080x799.jpg 1080w\" sizes=\"(max-width: 393px) 100vw, 393px\" \/><\/p>\n<p>Notre mission consiste \u00e0 leur apporter, via\u00a0les supports\u00a0promotionnels, <strong>des solutions et des conseils pour d\u00e9velopper leur notori\u00e9t\u00e9 et\/ou leur croissance<\/strong>.\u00a0Et \u00e7a doit quand m\u00eame bien marcher puisque nos clients sont fid\u00e8les.<\/p>\n<h3>\u00a0<\/h3>\n<h3>\u00a0<\/h3>\n<h3>\u00a0<\/h3>\n<h3>\u00a0<\/h3>\n<h3>\u00a0<\/h3>\n<h3 style=\"text-align: left;\"><strong>R\u00e9partition de notre client\u00e8le<\/strong>\u00a0<strong>\u00a0:<\/strong><\/h3>\n<h5 style=\"text-align: left;\">\u00ab\u00a0C&rsquo;est diversifi\u00e9, car nous servons tous nos clients avec le m\u00eame enthousiasme\u00a0\u00bb<\/h5>\n<p><img loading=\"lazy\" decoding=\"async\" class=\"alignnone wp-image-1999 size-full\" src=\"https:\/\/www.dullac.fr\/blog\/wp-content\/uploads\/2026\/02\/dullac.jpg\" alt=\"\" width=\"2560\" height=\"1245\" srcset=\"https:\/\/www.dullac.fr\/blog\/wp-content\/uploads\/2026\/02\/dullac.jpg 2560w, https:\/\/www.dullac.fr\/blog\/wp-content\/uploads\/2026\/02\/dullac-300x146.jpg 300w, https:\/\/www.dullac.fr\/blog\/wp-content\/uploads\/2026\/02\/dullac-1024x498.jpg 1024w, https:\/\/www.dullac.fr\/blog\/wp-content\/uploads\/2026\/02\/dullac-768x374.jpg 768w, https:\/\/www.dullac.fr\/blog\/wp-content\/uploads\/2026\/02\/dullac-1536x747.jpg 1536w, https:\/\/www.dullac.fr\/blog\/wp-content\/uploads\/2026\/02\/dullac-2048x996.jpg 2048w, https:\/\/www.dullac.fr\/blog\/wp-content\/uploads\/2026\/02\/dullac-610x297.jpg 610w, https:\/\/www.dullac.fr\/blog\/wp-content\/uploads\/2026\/02\/dullac-1080x525.jpg 1080w\" sizes=\"(max-width: 2560px) 100vw, 2560px\" \/><\/p>\n<h3><strong>Livraison<\/strong><\/h3>\n<p>Sur toute la France : Chronopost, La Poste, DPD-Exapack, G\u00e9odis &#8230; ou \u00e0 l&rsquo;atelier.<\/p>\n<p><img loading=\"lazy\" decoding=\"async\" class=\"alignnone size-full wp-image-515\" src=\"https:\/\/www.dullac.fr\/blog\/wp-content\/uploads\/2020\/08\/livraison-dullac-2020-scaled.jpg\" alt=\"\" width=\"2560\" height=\"1020\" srcset=\"https:\/\/www.dullac.fr\/blog\/wp-content\/uploads\/2020\/08\/livraison-dullac-2020-scaled.jpg 2560w, https:\/\/www.dullac.fr\/blog\/wp-content\/uploads\/2020\/08\/livraison-dullac-2020-scaled-300x120.jpg 300w, https:\/\/www.dullac.fr\/blog\/wp-content\/uploads\/2020\/08\/livraison-dullac-2020-scaled-1024x408.jpg 1024w, https:\/\/www.dullac.fr\/blog\/wp-content\/uploads\/2020\/08\/livraison-dullac-2020-scaled-768x306.jpg 768w, https:\/\/www.dullac.fr\/blog\/wp-content\/uploads\/2020\/08\/livraison-dullac-2020-scaled-1536x612.jpg 1536w, https:\/\/www.dullac.fr\/blog\/wp-content\/uploads\/2020\/08\/livraison-dullac-2020-scaled-2048x816.jpg 2048w, https:\/\/www.dullac.fr\/blog\/wp-content\/uploads\/2020\/08\/livraison-dullac-2020-scaled-610x243.jpg 610w, https:\/\/www.dullac.fr\/blog\/wp-content\/uploads\/2020\/08\/livraison-dullac-2020-scaled-1080x430.jpg 1080w\" sizes=\"(max-width: 2560px) 100vw, 2560px\" \/><\/p>\n<h3><strong>Les Chiffres 2023<\/strong><strong>\u00a0\u00a0<i>&#8211; \u00e7a rassure sur nos capacit\u00e9s \u00e0 vous livrer \u2026<\/i> <\/strong><strong>:<\/strong><u><\/u><\/h3>\n<p><img loading=\"lazy\" decoding=\"async\" class=\"alignnone wp-image-1287 size-full\" src=\"https:\/\/www.dullac.fr\/blog\/wp-content\/uploads\/2023\/11\/Banniere.png\" alt=\"\" width=\"1024\" height=\"489\" srcset=\"https:\/\/www.dullac.fr\/blog\/wp-content\/uploads\/2023\/11\/Banniere.png 1024w, https:\/\/www.dullac.fr\/blog\/wp-content\/uploads\/2023\/11\/Banniere-300x143.png 300w, https:\/\/www.dullac.fr\/blog\/wp-content\/uploads\/2023\/11\/Banniere-768x367.png 768w, https:\/\/www.dullac.fr\/blog\/wp-content\/uploads\/2023\/11\/Banniere-610x291.png 610w\" sizes=\"(max-width: 1024px) 100vw, 1024px\" \/><\/p>\n\n\n\n\n<figure class=\"wp-block-gallery has-nested-images columns-default is-cropped wp-block-gallery-1 is-layout-flex wp-block-gallery-is-layout-flex\"><\/figure>\n\n\n\n\n\n<h2 class=\"wp-block-heading\">Dullac La Garde<\/h2>\n\n\n\n<figure class=\"wp-block-image size-full is-resized\"><img loading=\"lazy\" decoding=\"async\" width=\"600\" height=\"224\" src=\"https:\/\/www.dullac.fr\/blog\/wp-content\/uploads\/2022\/06\/dullac-la-garde.jpg\" alt=\"\" class=\"wp-image-1075\" style=\"width:854px;height:319px\" srcset=\"https:\/\/www.dullac.fr\/blog\/wp-content\/uploads\/2022\/06\/dullac-la-garde.jpg 600w, https:\/\/www.dullac.fr\/blog\/wp-content\/uploads\/2022\/06\/dullac-la-garde-300x112.jpg 300w\" sizes=\"(max-width: 600px) 100vw, 600px\" \/><\/figure>\n\n\n\n<h2 class=\"wp-block-heading\">Dullac La Seyne<\/h2>\n\n\n\n<figure class=\"wp-block-image size-full is-resized\"><img loading=\"lazy\" decoding=\"async\" width=\"600\" height=\"224\" src=\"https:\/\/www.dullac.fr\/blog\/wp-content\/uploads\/2022\/06\/Dullac-la-seyne.jpg\" alt=\"\" class=\"wp-image-1074\" style=\"width:853px;height:318px\" srcset=\"https:\/\/www.dullac.fr\/blog\/wp-content\/uploads\/2022\/06\/Dullac-la-seyne.jpg 600w, https:\/\/www.dullac.fr\/blog\/wp-content\/uploads\/2022\/06\/Dullac-la-seyne-300x112.jpg 300w\" sizes=\"(max-width: 600px) 100vw, 600px\" \/><\/figure>\n\n\n\n<iframe src=\"https:\/\/www.google.com\/maps\/embed?pb=!1m14!1m8!1m3!1d5822.298319153762!2d6.02262!3d43.143397!3m2!1i1024!2i768!4f13.1!3m3!1m2!1s0x0%3A0xfb00d22167493cdf!2sDullac%20La%20Garde!5e0!3m2!1sfr!2sfr!4v1656420401679!5m2!1sfr!2sfr\" width=\"600\" height=\"450\" style=\"border:0;\" allowfullscreen=\"\" loading=\"lazy\" referrerpolicy=\"no-referrer-when-downgrade\"><\/iframe>\n\n\n\n<iframe src=\"https:\/\/www.google.com\/maps\/embed?pb=!1m18!1m12!1m3!1d2912.4370370551756!2d5.85409921569232!3d43.116344494996376!2m3!1f0!2f0!3f0!3m2!1i1024!2i768!4f13.1!3m3!1m2!1s0x12c90574ebcf44e3%3A0xb248127c5b205ccc!2sDullac%20La%20Seyne-sur-Mer!5e0!3m2!1sfr!2sfr!4v1656420679247!5m2!1sfr!2sfr\" width=\"600\" height=\"450\" style=\"border:0;\" allowfullscreen=\"\" loading=\"lazy\" referrerpolicy=\"no-referrer-when-downgrade\"><\/iframe>\n","protected":false},"excerpt":{"rendered":"<p>\u00a0 \u00a0 L&rsquo;Entreprise Cr\u00e9e en 2002, Dullac est un \u00ab imprimeur hybride\u00bb dans la mesure o\u00f9, pour satisfaire l\u2019ensemble des demandes de ses clients, il imprime sur une multitude de supports : Papier, flyer, affiche, \u2026 Banderole, kak\u00e9mono, papier peint, \u2026 Drapeau, oriflamme, mur d\u2019image Tee-shirt, polo, tenue pro, .. Objet pub, stylo, badges Panneau [&hellip;]<\/p>\n","protected":false},"author":1,"featured_media":268,"parent":0,"menu_order":0,"comment_status":"closed","ping_status":"closed","template":"","meta":{"_et_pb_use_builder":"","_et_pb_old_content":"","_et_gb_content_width":"","footnotes":""},"class_list":["post-25","page","type-page","status-publish","has-post-thumbnail","hentry"],"yoast_head":"<!-- This site is optimized with the Yoast SEO plugin v26.8 - https:\/\/yoast.com\/product\/yoast-seo-wordpress\/ -->\n<title>\u00c0 propos de nous - Blog Dullac<\/title>\n<meta name=\"description\" content=\"Dullac est un \u00ab imprimeur hybride\u00bb : Impression sur tous supports : Papier, flyer, affiche, Banderole, kak\u00e9mono, papier peint, Drapeau, oriflamme, mur d\u2019image, Tee-shirt, polo, tenue professionnelle, Objet pub, stylo, badges, Panneau Aluminium, Plexiglass, PVC, Akilux...\" \/>\n<meta name=\"robots\" content=\"index, follow, max-snippet:-1, max-image-preview:large, max-video-preview:-1\" \/>\n<link rel=\"canonical\" href=\"https:\/\/www.dullac.fr\/blog\/a-propos-de-nous\/\" \/>\n<meta property=\"og:locale\" content=\"fr_FR\" \/>\n<meta property=\"og:type\" content=\"article\" \/>\n<meta property=\"og:title\" content=\"\u00c0 propos de nous - Blog Dullac\" \/>\n<meta property=\"og:description\" content=\"Dullac est un \u00ab imprimeur hybride\u00bb : Impression sur tous supports : Papier, flyer, affiche, Banderole, kak\u00e9mono, papier peint, Drapeau, oriflamme, mur d\u2019image, Tee-shirt, polo, tenue professionnelle, Objet pub, stylo, badges, Panneau Aluminium, Plexiglass, PVC, Akilux...\" \/>\n<meta property=\"og:url\" content=\"https:\/\/www.dullac.fr\/blog\/a-propos-de-nous\/\" \/>\n<meta property=\"og:site_name\" content=\"Blog Dullac\" \/>\n<meta property=\"article:modified_time\" content=\"2026-02-02T09:52:39+00:00\" \/>\n<meta property=\"og:image\" content=\"https:\/\/www.dullac.fr\/blog\/wp-content\/uploads\/2020\/06\/imprimerie-dullac-toulon-la-garde-textile-personnalise-banderole-objet-pub-drapeau-beachflag.png\" \/>\n\t<meta property=\"og:image:width\" content=\"851\" \/>\n\t<meta property=\"og:image:height\" content=\"315\" \/>\n\t<meta property=\"og:image:type\" content=\"image\/png\" \/>\n<meta name=\"twitter:card\" content=\"summary_large_image\" \/>\n<meta name=\"twitter:label1\" content=\"Dur\u00e9e de lecture estim\u00e9e\" \/>\n\t<meta name=\"twitter:data1\" content=\"4 minutes\" \/>\n<script type=\"application\/ld+json\" class=\"yoast-schema-graph\">{\"@context\":\"https:\/\/schema.org\",\"@graph\":[{\"@type\":\"WebPage\",\"@id\":\"https:\/\/www.dullac.fr\/blog\/a-propos-de-nous\/\",\"url\":\"https:\/\/www.dullac.fr\/blog\/a-propos-de-nous\/\",\"name\":\"\u00c0 propos de nous - Blog Dullac\",\"isPartOf\":{\"@id\":\"https:\/\/www.dullac.fr\/blog\/#website\"},\"primaryImageOfPage\":{\"@id\":\"https:\/\/www.dullac.fr\/blog\/a-propos-de-nous\/#primaryimage\"},\"image\":{\"@id\":\"https:\/\/www.dullac.fr\/blog\/a-propos-de-nous\/#primaryimage\"},\"thumbnailUrl\":\"https:\/\/www.dullac.fr\/blog\/wp-content\/uploads\/2020\/06\/imprimerie-dullac-toulon-la-garde-textile-personnalise-banderole-objet-pub-drapeau-beachflag.png\",\"datePublished\":\"2018-05-14T06:52:28+00:00\",\"dateModified\":\"2026-02-02T09:52:39+00:00\",\"description\":\"Dullac est un \u00ab imprimeur hybride\u00bb : Impression sur tous supports : Papier, flyer, affiche, Banderole, kak\u00e9mono, papier peint, Drapeau, oriflamme, mur d\u2019image, Tee-shirt, polo, tenue professionnelle, Objet pub, stylo, badges, Panneau Aluminium, Plexiglass, PVC, Akilux...\",\"breadcrumb\":{\"@id\":\"https:\/\/www.dullac.fr\/blog\/a-propos-de-nous\/#breadcrumb\"},\"inLanguage\":\"fr-FR\",\"potentialAction\":[{\"@type\":\"ReadAction\",\"target\":[\"https:\/\/www.dullac.fr\/blog\/a-propos-de-nous\/\"]}]},{\"@type\":\"ImageObject\",\"inLanguage\":\"fr-FR\",\"@id\":\"https:\/\/www.dullac.fr\/blog\/a-propos-de-nous\/#primaryimage\",\"url\":\"https:\/\/www.dullac.fr\/blog\/wp-content\/uploads\/2020\/06\/imprimerie-dullac-toulon-la-garde-textile-personnalise-banderole-objet-pub-drapeau-beachflag.png\",\"contentUrl\":\"https:\/\/www.dullac.fr\/blog\/wp-content\/uploads\/2020\/06\/imprimerie-dullac-toulon-la-garde-textile-personnalise-banderole-objet-pub-drapeau-beachflag.png\",\"width\":851,\"height\":315,\"caption\":\"imprimerie dullac toulon la garde textile personnalise banderole objet pub drapeau beachflag\"},{\"@type\":\"BreadcrumbList\",\"@id\":\"https:\/\/www.dullac.fr\/blog\/a-propos-de-nous\/#breadcrumb\",\"itemListElement\":[{\"@type\":\"ListItem\",\"position\":1,\"name\":\"Accueil\",\"item\":\"https:\/\/www.dullac.fr\/blog\/\"},{\"@type\":\"ListItem\",\"position\":2,\"name\":\"\u00c0 propos de nous\"}]},{\"@type\":\"WebSite\",\"@id\":\"https:\/\/www.dullac.fr\/blog\/#website\",\"url\":\"https:\/\/www.dullac.fr\/blog\/\",\"name\":\"Blog Dullac\",\"description\":\"Le Blog de l&#039;objet publicitaire\",\"publisher\":{\"@id\":\"https:\/\/www.dullac.fr\/blog\/#organization\"},\"potentialAction\":[{\"@type\":\"SearchAction\",\"target\":{\"@type\":\"EntryPoint\",\"urlTemplate\":\"https:\/\/www.dullac.fr\/blog\/?s={search_term_string}\"},\"query-input\":{\"@type\":\"PropertyValueSpecification\",\"valueRequired\":true,\"valueName\":\"search_term_string\"}}],\"inLanguage\":\"fr-FR\"},{\"@type\":\"Organization\",\"@id\":\"https:\/\/www.dullac.fr\/blog\/#organization\",\"name\":\"Dullac\",\"url\":\"https:\/\/www.dullac.fr\/blog\/\",\"logo\":{\"@type\":\"ImageObject\",\"inLanguage\":\"fr-FR\",\"@id\":\"https:\/\/www.dullac.fr\/blog\/#\/schema\/logo\/image\/\",\"url\":\"https:\/\/www.dullac.fr\/blog\/wp-content\/uploads\/2020\/06\/logo-dullac-imprimerie-toulonnaise-la-garde-83.jpg\",\"contentUrl\":\"https:\/\/www.dullac.fr\/blog\/wp-content\/uploads\/2020\/06\/logo-dullac-imprimerie-toulonnaise-la-garde-83.jpg\",\"width\":512,\"height\":512,\"caption\":\"Dullac\"},\"image\":{\"@id\":\"https:\/\/www.dullac.fr\/blog\/#\/schema\/logo\/image\/\"}}]}<\/script>\n<!-- \/ Yoast SEO plugin. -->","yoast_head_json":{"title":"\u00c0 propos de nous - Blog Dullac","description":"Dullac est un \u00ab imprimeur hybride\u00bb : Impression sur tous supports : Papier, flyer, affiche, Banderole, kak\u00e9mono, papier peint, Drapeau, oriflamme, mur d\u2019image, Tee-shirt, polo, tenue professionnelle, Objet pub, stylo, badges, Panneau Aluminium, Plexiglass, PVC, Akilux...","robots":{"index":"index","follow":"follow","max-snippet":"max-snippet:-1","max-image-preview":"max-image-preview:large","max-video-preview":"max-video-preview:-1"},"canonical":"https:\/\/www.dullac.fr\/blog\/a-propos-de-nous\/","og_locale":"fr_FR","og_type":"article","og_title":"\u00c0 propos de nous - Blog Dullac","og_description":"Dullac est un \u00ab imprimeur hybride\u00bb : Impression sur tous supports : Papier, flyer, affiche, Banderole, kak\u00e9mono, papier peint, Drapeau, oriflamme, mur d\u2019image, Tee-shirt, polo, tenue professionnelle, Objet pub, stylo, badges, Panneau Aluminium, Plexiglass, PVC, Akilux...","og_url":"https:\/\/www.dullac.fr\/blog\/a-propos-de-nous\/","og_site_name":"Blog Dullac","article_modified_time":"2026-02-02T09:52:39+00:00","og_image":[{"width":851,"height":315,"url":"https:\/\/www.dullac.fr\/blog\/wp-content\/uploads\/2020\/06\/imprimerie-dullac-toulon-la-garde-textile-personnalise-banderole-objet-pub-drapeau-beachflag.png","type":"image\/png"}],"twitter_card":"summary_large_image","twitter_misc":{"Dur\u00e9e de lecture estim\u00e9e":"4 minutes"},"schema":{"@context":"https:\/\/schema.org","@graph":[{"@type":"WebPage","@id":"https:\/\/www.dullac.fr\/blog\/a-propos-de-nous\/","url":"https:\/\/www.dullac.fr\/blog\/a-propos-de-nous\/","name":"\u00c0 propos de nous - Blog Dullac","isPartOf":{"@id":"https:\/\/www.dullac.fr\/blog\/#website"},"primaryImageOfPage":{"@id":"https:\/\/www.dullac.fr\/blog\/a-propos-de-nous\/#primaryimage"},"image":{"@id":"https:\/\/www.dullac.fr\/blog\/a-propos-de-nous\/#primaryimage"},"thumbnailUrl":"https:\/\/www.dullac.fr\/blog\/wp-content\/uploads\/2020\/06\/imprimerie-dullac-toulon-la-garde-textile-personnalise-banderole-objet-pub-drapeau-beachflag.png","datePublished":"2018-05-14T06:52:28+00:00","dateModified":"2026-02-02T09:52:39+00:00","description":"Dullac est un \u00ab imprimeur hybride\u00bb : Impression sur tous supports : Papier, flyer, affiche, Banderole, kak\u00e9mono, papier peint, Drapeau, oriflamme, mur d\u2019image, Tee-shirt, polo, tenue professionnelle, Objet pub, stylo, badges, Panneau Aluminium, Plexiglass, PVC, Akilux...","breadcrumb":{"@id":"https:\/\/www.dullac.fr\/blog\/a-propos-de-nous\/#breadcrumb"},"inLanguage":"fr-FR","potentialAction":[{"@type":"ReadAction","target":["https:\/\/www.dullac.fr\/blog\/a-propos-de-nous\/"]}]},{"@type":"ImageObject","inLanguage":"fr-FR","@id":"https:\/\/www.dullac.fr\/blog\/a-propos-de-nous\/#primaryimage","url":"https:\/\/www.dullac.fr\/blog\/wp-content\/uploads\/2020\/06\/imprimerie-dullac-toulon-la-garde-textile-personnalise-banderole-objet-pub-drapeau-beachflag.png","contentUrl":"https:\/\/www.dullac.fr\/blog\/wp-content\/uploads\/2020\/06\/imprimerie-dullac-toulon-la-garde-textile-personnalise-banderole-objet-pub-drapeau-beachflag.png","width":851,"height":315,"caption":"imprimerie dullac toulon la garde textile personnalise banderole objet pub drapeau beachflag"},{"@type":"BreadcrumbList","@id":"https:\/\/www.dullac.fr\/blog\/a-propos-de-nous\/#breadcrumb","itemListElement":[{"@type":"ListItem","position":1,"name":"Accueil","item":"https:\/\/www.dullac.fr\/blog\/"},{"@type":"ListItem","position":2,"name":"\u00c0 propos de nous"}]},{"@type":"WebSite","@id":"https:\/\/www.dullac.fr\/blog\/#website","url":"https:\/\/www.dullac.fr\/blog\/","name":"Blog Dullac","description":"Le Blog de l&#039;objet publicitaire","publisher":{"@id":"https:\/\/www.dullac.fr\/blog\/#organization"},"potentialAction":[{"@type":"SearchAction","target":{"@type":"EntryPoint","urlTemplate":"https:\/\/www.dullac.fr\/blog\/?s={search_term_string}"},"query-input":{"@type":"PropertyValueSpecification","valueRequired":true,"valueName":"search_term_string"}}],"inLanguage":"fr-FR"},{"@type":"Organization","@id":"https:\/\/www.dullac.fr\/blog\/#organization","name":"Dullac","url":"https:\/\/www.dullac.fr\/blog\/","logo":{"@type":"ImageObject","inLanguage":"fr-FR","@id":"https:\/\/www.dullac.fr\/blog\/#\/schema\/logo\/image\/","url":"https:\/\/www.dullac.fr\/blog\/wp-content\/uploads\/2020\/06\/logo-dullac-imprimerie-toulonnaise-la-garde-83.jpg","contentUrl":"https:\/\/www.dullac.fr\/blog\/wp-content\/uploads\/2020\/06\/logo-dullac-imprimerie-toulonnaise-la-garde-83.jpg","width":512,"height":512,"caption":"Dullac"},"image":{"@id":"https:\/\/www.dullac.fr\/blog\/#\/schema\/logo\/image\/"}}]}},"_links":{"self":[{"href":"https:\/\/www.dullac.fr\/blog\/wp-json\/wp\/v2\/pages\/25","targetHints":{"allow":["GET"]}}],"collection":[{"href":"https:\/\/www.dullac.fr\/blog\/wp-json\/wp\/v2\/pages"}],"about":[{"href":"https:\/\/www.dullac.fr\/blog\/wp-json\/wp\/v2\/types\/page"}],"author":[{"embeddable":true,"href":"https:\/\/www.dullac.fr\/blog\/wp-json\/wp\/v2\/users\/1"}],"replies":[{"embeddable":true,"href":"https:\/\/www.dullac.fr\/blog\/wp-json\/wp\/v2\/comments?post=25"}],"version-history":[{"count":38,"href":"https:\/\/www.dullac.fr\/blog\/wp-json\/wp\/v2\/pages\/25\/revisions"}],"predecessor-version":[{"id":2000,"href":"https:\/\/www.dullac.fr\/blog\/wp-json\/wp\/v2\/pages\/25\/revisions\/2000"}],"wp:featuredmedia":[{"embeddable":true,"href":"https:\/\/www.dullac.fr\/blog\/wp-json\/wp\/v2\/media\/268"}],"wp:attachment":[{"href":"https:\/\/www.dullac.fr\/blog\/wp-json\/wp\/v2\/media?parent=25"}],"curies":[{"name":"wp","href":"https:\/\/api.w.org\/{rel}","templated":true}]}}