{"id":26,"date":"2018-05-14T08:52:45","date_gmt":"2018-05-14T08:52:45","guid":{"rendered":"http:\/\/pennews.pencidesign.com\/pennews-craft-diy-blog\/?page_id=26"},"modified":"2023-11-28T15:22:49","modified_gmt":"2023-11-28T14:22:49","slug":"contact","status":"publish","type":"page","link":"https:\/\/www.dullac.fr\/blog\/contact\/","title":{"rendered":"Contact"},"content":{"rendered":"<p><img loading=\"lazy\" decoding=\"async\" class=\"alignnone wp-image-1289 size-full\" src=\"https:\/\/www.dullac.fr\/blog\/wp-content\/uploads\/2023\/11\/Pour-partager.png\" alt=\"\" width=\"1082\" height=\"722\" srcset=\"https:\/\/www.dullac.fr\/blog\/wp-content\/uploads\/2023\/11\/Pour-partager.png 1082w, https:\/\/www.dullac.fr\/blog\/wp-content\/uploads\/2023\/11\/Pour-partager-300x200.png 300w, https:\/\/www.dullac.fr\/blog\/wp-content\/uploads\/2023\/11\/Pour-partager-1024x683.png 1024w, https:\/\/www.dullac.fr\/blog\/wp-content\/uploads\/2023\/11\/Pour-partager-768x512.png 768w, https:\/\/www.dullac.fr\/blog\/wp-content\/uploads\/2023\/11\/Pour-partager-610x407.png 610w, https:\/\/www.dullac.fr\/blog\/wp-content\/uploads\/2023\/11\/Pour-partager-1080x721.png 1080w\" sizes=\"(max-width: 1082px) 100vw, 1082px\" \/><\/p>\n<ul>\n<li>\n<h4><strong>Deux Showrooms pour mieux vous servir :<\/strong><br \/>\n&#8211; <a href=\"https:\/\/g.page\/imprimerie-dullac?share\">41 av. Saint Just &#8211; 83130 LA GARDE<\/a><br \/>\n&#8211; <a href=\"https:\/\/g.page\/dullac-la-seyne-sur-mer?share\">5001F rue Fran\u00e7ois Babeuf &#8211; 83500 LA SEYNE SUR MER<\/a><\/h4>\n<\/li>\n<li>\n<h4><strong>T\u00e9l\u00e9phone:<\/strong>\u00a0 04 94 21 51 65<\/h4>\n<\/li>\n<li>\n<h4><strong>Email:<\/strong>\u00a0 <a href=\"mailto:info@dullac.fr\">info@dullac.fr<\/a><\/h4>\n<\/li>\n<\/ul>\n\n<div class=\"wpcf7 no-js\" id=\"wpcf7-f867-o1\" lang=\"fr-FR\" dir=\"ltr\" data-wpcf7-id=\"867\">\n<div class=\"screen-reader-response\"><p role=\"status\" aria-live=\"polite\" aria-atomic=\"true\"><\/p> <ul><\/ul><\/div>\n<form action=\"\/blog\/wp-json\/wp\/v2\/pages\/26#wpcf7-f867-o1\" method=\"post\" class=\"wpcf7-form init\" aria-label=\"Formulaire de contact\" novalidate=\"novalidate\" data-status=\"init\">\n<fieldset class=\"hidden-fields-container\"><input type=\"hidden\" name=\"_wpcf7\" value=\"867\" \/><input type=\"hidden\" name=\"_wpcf7_version\" value=\"6.1.6\" \/><input type=\"hidden\" name=\"_wpcf7_locale\" value=\"fr_FR\" \/><input type=\"hidden\" name=\"_wpcf7_unit_tag\" value=\"wpcf7-f867-o1\" \/><input type=\"hidden\" name=\"_wpcf7_container_post\" value=\"0\" \/><input type=\"hidden\" name=\"_wpcf7_posted_data_hash\" value=\"\" \/><input type=\"hidden\" name=\"_wpcf7_recaptcha_response\" value=\"\" \/>\n<\/fieldset>\n<p><label> Votre nom<br \/>\n<span class=\"wpcf7-form-control-wrap\" data-name=\"your-name\"><input size=\"40\" maxlength=\"400\" class=\"wpcf7-form-control wpcf7-text wpcf7-validates-as-required\" aria-required=\"true\" aria-invalid=\"false\" value=\"\" type=\"text\" name=\"your-name\" \/><\/span> <\/label>\n<\/p>\n<p><label> Votre e-mail<br \/>\n<span class=\"wpcf7-form-control-wrap\" data-name=\"your-email\"><input size=\"40\" maxlength=\"400\" class=\"wpcf7-form-control wpcf7-email wpcf7-validates-as-required wpcf7-text wpcf7-validates-as-email\" aria-required=\"true\" aria-invalid=\"false\" value=\"\" type=\"email\" name=\"your-email\" \/><\/span> <\/label>\n<\/p>\n<p><label> Objet<br \/>\n<span class=\"wpcf7-form-control-wrap\" data-name=\"your-subject\"><input size=\"40\" maxlength=\"400\" class=\"wpcf7-form-control wpcf7-text wpcf7-validates-as-required\" aria-required=\"true\" aria-invalid=\"false\" value=\"\" type=\"text\" name=\"your-subject\" \/><\/span> <\/label>\n<\/p>\n<p><label> Votre message (facultatif)<br \/>\n<span class=\"wpcf7-form-control-wrap\" data-name=\"your-message\"><textarea cols=\"40\" rows=\"10\" maxlength=\"2000\" class=\"wpcf7-form-control wpcf7-textarea\" aria-invalid=\"false\" name=\"your-message\"><\/textarea><\/span> <\/label>\n<\/p>\n<p><input class=\"wpcf7-form-control wpcf7-submit has-spinner\" type=\"submit\" value=\"Envoyer\" \/>\n<\/p><input type='hidden' class='wpcf7-pum' value='{\"closepopup\":false,\"closedelay\":0,\"openpopup\":false,\"openpopup_id\":0}' \/><div class=\"wpcf7-response-output\" aria-hidden=\"true\"><\/div>\n<\/form>\n<\/div>\n\n","protected":false},"excerpt":{"rendered":"<p>Deux Showrooms pour mieux vous servir : &#8211; 41 av. Saint Just &#8211; 83130 LA GARDE &#8211; 5001F rue Fran\u00e7ois Babeuf &#8211; 83500 LA SEYNE SUR MER T\u00e9l\u00e9phone:\u00a0 04 94 21 51 65 Email:\u00a0 info@dullac.fr<\/p>\n","protected":false},"author":1,"featured_media":0,"parent":0,"menu_order":0,"comment_status":"closed","ping_status":"closed","template":"","meta":{"_et_pb_use_builder":"","_et_pb_old_content":"","_et_gb_content_width":"","footnotes":""},"class_list":["post-26","page","type-page","status-publish","hentry"],"yoast_head":"<!-- This site is optimized with the Yoast SEO plugin v26.8 - https:\/\/yoast.com\/product\/yoast-seo-wordpress\/ -->\n<title>Contact - Blog Dullac<\/title>\n<meta name=\"robots\" content=\"index, follow, max-snippet:-1, max-image-preview:large, max-video-preview:-1\" \/>\n<link rel=\"canonical\" href=\"https:\/\/www.dullac.fr\/blog\/contact\/\" \/>\n<meta property=\"og:locale\" content=\"fr_FR\" \/>\n<meta property=\"og:type\" content=\"article\" \/>\n<meta property=\"og:title\" content=\"Contact - Blog Dullac\" \/>\n<meta property=\"og:description\" content=\"Deux Showrooms pour mieux vous servir : &#8211; 41 av. Saint Just &#8211; 83130 LA GARDE &#8211; 5001F rue Fran\u00e7ois Babeuf &#8211; 83500 LA SEYNE SUR MER T\u00e9l\u00e9phone:\u00a0 04 94 21 51 65 Email:\u00a0 info@dullac.fr\" \/>\n<meta property=\"og:url\" content=\"https:\/\/www.dullac.fr\/blog\/contact\/\" \/>\n<meta property=\"og:site_name\" content=\"Blog Dullac\" \/>\n<meta property=\"article:modified_time\" content=\"2023-11-28T14:22:49+00:00\" \/>\n<meta property=\"og:image\" content=\"https:\/\/www.dullac.fr\/blog\/wp-content\/uploads\/2023\/11\/Pour-partager.png\" \/>\n<meta name=\"twitter:card\" content=\"summary_large_image\" \/>\n<meta name=\"twitter:label1\" content=\"Dur\u00e9e de lecture estim\u00e9e\" \/>\n\t<meta name=\"twitter:data1\" content=\"1 minute\" \/>\n<script type=\"application\/ld+json\" class=\"yoast-schema-graph\">{\"@context\":\"https:\/\/schema.org\",\"@graph\":[{\"@type\":\"WebPage\",\"@id\":\"https:\/\/www.dullac.fr\/blog\/contact\/\",\"url\":\"https:\/\/www.dullac.fr\/blog\/contact\/\",\"name\":\"Contact - Blog Dullac\",\"isPartOf\":{\"@id\":\"https:\/\/www.dullac.fr\/blog\/#website\"},\"primaryImageOfPage\":{\"@id\":\"https:\/\/www.dullac.fr\/blog\/contact\/#primaryimage\"},\"image\":{\"@id\":\"https:\/\/www.dullac.fr\/blog\/contact\/#primaryimage\"},\"thumbnailUrl\":\"https:\/\/www.dullac.fr\/blog\/wp-content\/uploads\/2023\/11\/Pour-partager.png\",\"datePublished\":\"2018-05-14T08:52:45+00:00\",\"dateModified\":\"2023-11-28T14:22:49+00:00\",\"breadcrumb\":{\"@id\":\"https:\/\/www.dullac.fr\/blog\/contact\/#breadcrumb\"},\"inLanguage\":\"fr-FR\",\"potentialAction\":[{\"@type\":\"ReadAction\",\"target\":[\"https:\/\/www.dullac.fr\/blog\/contact\/\"]}]},{\"@type\":\"ImageObject\",\"inLanguage\":\"fr-FR\",\"@id\":\"https:\/\/www.dullac.fr\/blog\/contact\/#primaryimage\",\"url\":\"https:\/\/www.dullac.fr\/blog\/wp-content\/uploads\/2023\/11\/Pour-partager.png\",\"contentUrl\":\"https:\/\/www.dullac.fr\/blog\/wp-content\/uploads\/2023\/11\/Pour-partager.png\",\"width\":1082,\"height\":722},{\"@type\":\"BreadcrumbList\",\"@id\":\"https:\/\/www.dullac.fr\/blog\/contact\/#breadcrumb\",\"itemListElement\":[{\"@type\":\"ListItem\",\"position\":1,\"name\":\"Accueil\",\"item\":\"https:\/\/www.dullac.fr\/blog\/\"},{\"@type\":\"ListItem\",\"position\":2,\"name\":\"Contact\"}]},{\"@type\":\"WebSite\",\"@id\":\"https:\/\/www.dullac.fr\/blog\/#website\",\"url\":\"https:\/\/www.dullac.fr\/blog\/\",\"name\":\"Blog Dullac\",\"description\":\"Le Blog de l&#039;objet publicitaire\",\"publisher\":{\"@id\":\"https:\/\/www.dullac.fr\/blog\/#organization\"},\"potentialAction\":[{\"@type\":\"SearchAction\",\"target\":{\"@type\":\"EntryPoint\",\"urlTemplate\":\"https:\/\/www.dullac.fr\/blog\/?s={search_term_string}\"},\"query-input\":{\"@type\":\"PropertyValueSpecification\",\"valueRequired\":true,\"valueName\":\"search_term_string\"}}],\"inLanguage\":\"fr-FR\"},{\"@type\":\"Organization\",\"@id\":\"https:\/\/www.dullac.fr\/blog\/#organization\",\"name\":\"Dullac\",\"url\":\"https:\/\/www.dullac.fr\/blog\/\",\"logo\":{\"@type\":\"ImageObject\",\"inLanguage\":\"fr-FR\",\"@id\":\"https:\/\/www.dullac.fr\/blog\/#\/schema\/logo\/image\/\",\"url\":\"https:\/\/www.dullac.fr\/blog\/wp-content\/uploads\/2020\/06\/logo-dullac-imprimerie-toulonnaise-la-garde-83.jpg\",\"contentUrl\":\"https:\/\/www.dullac.fr\/blog\/wp-content\/uploads\/2020\/06\/logo-dullac-imprimerie-toulonnaise-la-garde-83.jpg\",\"width\":512,\"height\":512,\"caption\":\"Dullac\"},\"image\":{\"@id\":\"https:\/\/www.dullac.fr\/blog\/#\/schema\/logo\/image\/\"}}]}<\/script>\n<!-- \/ Yoast SEO plugin. -->","yoast_head_json":{"title":"Contact - Blog Dullac","robots":{"index":"index","follow":"follow","max-snippet":"max-snippet:-1","max-image-preview":"max-image-preview:large","max-video-preview":"max-video-preview:-1"},"canonical":"https:\/\/www.dullac.fr\/blog\/contact\/","og_locale":"fr_FR","og_type":"article","og_title":"Contact - Blog Dullac","og_description":"Deux Showrooms pour mieux vous servir : &#8211; 41 av. Saint Just &#8211; 83130 LA GARDE &#8211; 5001F rue Fran\u00e7ois Babeuf &#8211; 83500 LA SEYNE SUR MER T\u00e9l\u00e9phone:\u00a0 04 94 21 51 65 Email:\u00a0 info@dullac.fr","og_url":"https:\/\/www.dullac.fr\/blog\/contact\/","og_site_name":"Blog Dullac","article_modified_time":"2023-11-28T14:22:49+00:00","og_image":[{"url":"https:\/\/www.dullac.fr\/blog\/wp-content\/uploads\/2023\/11\/Pour-partager.png","type":"","width":"","height":""}],"twitter_card":"summary_large_image","twitter_misc":{"Dur\u00e9e de lecture estim\u00e9e":"1 minute"},"schema":{"@context":"https:\/\/schema.org","@graph":[{"@type":"WebPage","@id":"https:\/\/www.dullac.fr\/blog\/contact\/","url":"https:\/\/www.dullac.fr\/blog\/contact\/","name":"Contact - Blog Dullac","isPartOf":{"@id":"https:\/\/www.dullac.fr\/blog\/#website"},"primaryImageOfPage":{"@id":"https:\/\/www.dullac.fr\/blog\/contact\/#primaryimage"},"image":{"@id":"https:\/\/www.dullac.fr\/blog\/contact\/#primaryimage"},"thumbnailUrl":"https:\/\/www.dullac.fr\/blog\/wp-content\/uploads\/2023\/11\/Pour-partager.png","datePublished":"2018-05-14T08:52:45+00:00","dateModified":"2023-11-28T14:22:49+00:00","breadcrumb":{"@id":"https:\/\/www.dullac.fr\/blog\/contact\/#breadcrumb"},"inLanguage":"fr-FR","potentialAction":[{"@type":"ReadAction","target":["https:\/\/www.dullac.fr\/blog\/contact\/"]}]},{"@type":"ImageObject","inLanguage":"fr-FR","@id":"https:\/\/www.dullac.fr\/blog\/contact\/#primaryimage","url":"https:\/\/www.dullac.fr\/blog\/wp-content\/uploads\/2023\/11\/Pour-partager.png","contentUrl":"https:\/\/www.dullac.fr\/blog\/wp-content\/uploads\/2023\/11\/Pour-partager.png","width":1082,"height":722},{"@type":"BreadcrumbList","@id":"https:\/\/www.dullac.fr\/blog\/contact\/#breadcrumb","itemListElement":[{"@type":"ListItem","position":1,"name":"Accueil","item":"https:\/\/www.dullac.fr\/blog\/"},{"@type":"ListItem","position":2,"name":"Contact"}]},{"@type":"WebSite","@id":"https:\/\/www.dullac.fr\/blog\/#website","url":"https:\/\/www.dullac.fr\/blog\/","name":"Blog Dullac","description":"Le Blog de l&#039;objet publicitaire","publisher":{"@id":"https:\/\/www.dullac.fr\/blog\/#organization"},"potentialAction":[{"@type":"SearchAction","target":{"@type":"EntryPoint","urlTemplate":"https:\/\/www.dullac.fr\/blog\/?s={search_term_string}"},"query-input":{"@type":"PropertyValueSpecification","valueRequired":true,"valueName":"search_term_string"}}],"inLanguage":"fr-FR"},{"@type":"Organization","@id":"https:\/\/www.dullac.fr\/blog\/#organization","name":"Dullac","url":"https:\/\/www.dullac.fr\/blog\/","logo":{"@type":"ImageObject","inLanguage":"fr-FR","@id":"https:\/\/www.dullac.fr\/blog\/#\/schema\/logo\/image\/","url":"https:\/\/www.dullac.fr\/blog\/wp-content\/uploads\/2020\/06\/logo-dullac-imprimerie-toulonnaise-la-garde-83.jpg","contentUrl":"https:\/\/www.dullac.fr\/blog\/wp-content\/uploads\/2020\/06\/logo-dullac-imprimerie-toulonnaise-la-garde-83.jpg","width":512,"height":512,"caption":"Dullac"},"image":{"@id":"https:\/\/www.dullac.fr\/blog\/#\/schema\/logo\/image\/"}}]}},"_links":{"self":[{"href":"https:\/\/www.dullac.fr\/blog\/wp-json\/wp\/v2\/pages\/26","targetHints":{"allow":["GET"]}}],"collection":[{"href":"https:\/\/www.dullac.fr\/blog\/wp-json\/wp\/v2\/pages"}],"about":[{"href":"https:\/\/www.dullac.fr\/blog\/wp-json\/wp\/v2\/types\/page"}],"author":[{"embeddable":true,"href":"https:\/\/www.dullac.fr\/blog\/wp-json\/wp\/v2\/users\/1"}],"replies":[{"embeddable":true,"href":"https:\/\/www.dullac.fr\/blog\/wp-json\/wp\/v2\/comments?post=26"}],"version-history":[{"count":10,"href":"https:\/\/www.dullac.fr\/blog\/wp-json\/wp\/v2\/pages\/26\/revisions"}],"predecessor-version":[{"id":1290,"href":"https:\/\/www.dullac.fr\/blog\/wp-json\/wp\/v2\/pages\/26\/revisions\/1290"}],"wp:attachment":[{"href":"https:\/\/www.dullac.fr\/blog\/wp-json\/wp\/v2\/media?parent=26"}],"curies":[{"name":"wp","href":"https:\/\/api.w.org\/{rel}","templated":true}]}}